{"id":30817,"date":"2020-07-31T20:25:28","date_gmt":"2020-07-31T20:25:28","guid":{"rendered":"http:\/\/adsmovil.com\/?page_id=30817"},"modified":"2020-07-31T20:25:16","modified_gmt":"2020-07-31T20:25:16","slug":"pesquisa-de-jogos-para-celular-no-brasil%e2%80%8b-2020","status":"publish","type":"page","link":"https:\/\/adsmovil.com\/pt-br\/pesquisa-de-jogos-para-celular-no-brasil%e2%80%8b-2020\/","title":{"rendered":"Pesquisa de jogos para celular no Brasil\u200b 2020"},"content":{"rendered":"<div class=\"wrapper\" style=\"-webkit-box-sizing: border-box; -moz-box-sizing: border-box; height: auto; min-height: 100vh; display: flex; flex-direction: column; box-sizing: border-box !important;\">\n<div class=\"templateSection templateHeader\" style=\"background: #3a4972 none no-repeat center\/cover; -webkit-box-sizing: border-box; -moz-box-sizing: border-box; position: relative; display: flex; flex-shrink: 0; justify-content: center; background-color: #3a4972; background-image: none; background-repeat: no-repeat; background-position: center; background-size: cover; border-top: 0; border-bottom: 0; box-sizing: border-box !important; padding: 0px;\" data-template-container=\"\">\n<div class=\"headerContainer contentContainer templateColumn\" style=\"background: transparent none no-repeat center\/cover; -webkit-box-sizing: border-box; -moz-box-sizing: border-box; display: flex; flex-direction: column; max-width: 960px; width: 100%; flex: 0 0 auto; background-color: transparent; background-image: none; background-repeat: no-repeat; background-position: center; background-size: cover; border-top: 0; border-bottom: 0; padding-top: 0; padding-bottom: 0; box-sizing: border-box !important;\">\n<div class=\"logoContainer\" style=\"-webkit-box-sizing: border-box; -moz-box-sizing: border-box; box-sizing: border-box !important;\">\n<div class=\"mcnImageBlock mcnImageBlockInner\" style=\"padding: 9px; -webkit-box-sizing: border-box; -moz-box-sizing: border-box; box-sizing: border-box !important;\">\n<div class=\"mcnImageContent\" style=\"display: flex; justify-content: center; -webkit-box-sizing: border-box; -moz-box-sizing: border-box; box-sizing: border-box !important; padding: 0 9px 0 9px;\">\n<p><a class=\"\" style=\"-webkit-box-sizing: border-box; -moz-box-sizing: border-box; box-sizing: border-box !important;\" title=\"\" href=\"https:\/\/mc.us19.list-manage.com\/pages\/track\/click?u=028429f769dd488eecc7ac893&amp;id=7ffad57b9d\" target=\"_blank\" rel=\"noopener noreferrer\"><br \/>\n<img decoding=\"async\" class=\"mcnImage\" style=\"max-width: 100%; align-self: center; flex: 0 0 auto; border-radius: 0%; box-shadow: none; -webkit-box-sizing: border-box; -moz-box-sizing: border-box; border: 0; height: auto; outline: none; text-decoration: none; vertical-align: bottom; box-sizing: border-box !important;\" src=\"https:\/\/eep.io\/mc-gallery\/028429f769dd488eecc7ac893\/images\/f50b0ad0-7d4c-41ef-8025-d45a30e98c63.png\" alt=\"\" width=\"auto\" \/><br \/>\n<\/a><\/p>\n<\/div>\n<\/div>\n<div class=\"mcnDividerBlock\" style=\"-webkit-box-sizing: border-box; -moz-box-sizing: border-box; box-sizing: border-box !important; table-layout: fixed !important;\">\n<div class=\"mcnDividerBlockInner\" style=\"padding: 18px; -webkit-box-sizing: border-box; -moz-box-sizing: border-box; box-sizing: border-box !important;\">\n<div class=\"mcnDividerContent\" style=\"border-top: 2px none #EAEAEA; -webkit-box-sizing: border-box; -moz-box-sizing: border-box; box-sizing: border-box !important;\"><\/div>\n<\/div>\n<\/div>\n<\/div>\n<div class=\"columnContainer\" style=\"-webkit-box-sizing: border-box; -moz-box-sizing: border-box; display: flex; flex-direction: row; width: 100%; box-sizing: border-box !important;\">\n<div class=\"headerLeftColumnContainer column\" style=\"-webkit-box-sizing: border-box; -moz-box-sizing: border-box; flex: 1; box-sizing: border-box !important;\">\n<div class=\"mcnTextBlock\" style=\"-webkit-box-sizing: border-box; -moz-box-sizing: border-box; box-sizing: border-box !important;\">\n<div class=\"mcnTextBlockInner\" style=\"display: flex; padding: 9px; -webkit-box-sizing: border-box; -moz-box-sizing: border-box; box-sizing: border-box !important;\">\n<div style=\"width: 100%; -webkit-box-sizing: border-box; -moz-box-sizing: border-box; box-sizing: border-box !important;\">\n<div class=\"mcnTextContent\" style=\"-webkit-box-sizing: border-box; -moz-box-sizing: border-box; word-break: break-word; flex-flow: column; color: #ffffff; font-family: Nunito; font-size: 18px; line-height: 150%; text-align: left; box-sizing: border-box !important; padding: 0 9px 9px 9px;\">\n<p><a id=\"header\" style=\"-webkit-box-sizing: border-box; -moz-box-sizing: border-box; color: #ffffff; font-weight: normal; text-decoration: none; box-sizing: border-box !important;\" name=\"header\"><\/a><\/p>\n<h1 style=\"-webkit-box-sizing: border-box; -moz-box-sizing: border-box; display: block; margin: 0; padding: 0; color: #ffffff; font-family: Nunito; font-size: 48px; font-style: normal; font-weight: bold; line-height: 125%; letter-spacing: normal; text-align: left; box-sizing: border-box !important;\"><span class=\"TextRun SCXP256727021 BCX0\" lang=\"ES-CO\" xml:lang=\"ES-CO\" data-scheme-color=\"@202F52,,\" data-usefontface=\"true\" data-contrast=\"none\"><span class=\"NormalTextRun SCXP256727021 BCX0\">Pesquisa de <\/span><\/span><span class=\"TextRun SCXP256727021 BCX0\" lang=\"ES-CO\" xml:lang=\"ES-CO\" data-scheme-color=\"@202F52,,\" data-usefontface=\"true\" data-contrast=\"none\"><span class=\"SpellingError SCXP256727021 BCX0\">jogos <\/span><\/span><span class=\"TextRun SCXP256727021 BCX0\" lang=\"ES-CO\" xml:lang=\"ES-CO\" data-scheme-color=\"@202F52,,\" data-usefontface=\"true\" data-contrast=\"none\"><span class=\"NormalTextRun SCXP256727021 BCX0\">para celular no Brasil<\/span><\/span><span class=\"EOP SCXP256727021 BCX0\">\u200b<\/span> 2020<\/h1>\n<p style=\"-webkit-box-sizing: border-box; -moz-box-sizing: border-box; margin: 10px 0; padding: 0; color: #ffffff; font-family: Nunito; font-size: 18px; line-height: 150%; text-align: justify; box-sizing: border-box !important;\">A ind\u00fastria de jogos \u00e9 um fen\u00f4memo\u00a0diferente\u00a0em 2020, inovando a maneira como interagimos online.\u200b\u200b<\/p>\n<p style=\"-webkit-box-sizing: border-box; -moz-box-sizing: border-box; margin: 10px 0; padding: 0; color: #ffffff; font-family: Nunito; font-size: 18px; line-height: 150%; text-align: justify; box-sizing: border-box !important;\">Os jogos n\u00e3o s\u00e3o mais\u00a0uma m\u00eddia de consumo\u00a0spor\u00e1dica, mas agora s\u00e3o a base de novas gigantes\u00a0comunidades online. Est\u00e3o evoluindo para &#8220;terceiros\u00a0espa\u00e7os&#8221; &#8211; um local que n\u00e3o \u00e9 sua casa ou trabalho &#8211;\u00a0onde os jogadores podem socializar de acordo com seus\u00a0pr\u00f3prios par\u00e2metros.\u200b<\/p>\n<\/div>\n<\/div>\n<\/div>\n<\/div>\n<\/div>\n<div class=\"headerRightColumnContainer column\" style=\"-webkit-box-sizing: border-box; -moz-box-sizing: border-box; flex: 1; box-sizing: border-box !important;\">\n<div class=\"mcnSignUpBlockContentContainer\" style=\"display: flex; justify-content: flex-start; -webkit-box-sizing: border-box; -moz-box-sizing: border-box; box-sizing: border-box !important;\">\n<div class=\"mcnSignUpFormContentContainer\" style=\"align-items: center; justify-content: center; -webkit-box-sizing: border-box; -moz-box-sizing: border-box; box-sizing: border-box !important; padding: 18px 18px 9px 18px;\">\n<div class=\"mcnTextContent\" style=\"-webkit-box-sizing: border-box; -moz-box-sizing: border-box; word-break: break-word; flex-flow: column; color: #ffffff; font-family: Nunito; font-size: 18px; line-height: 150%; text-align: left; box-sizing: border-box !important;\" data-dojo-attach-point=\"formContentContainer\">\n<p><!-- Form Fields --><\/p>\n<div class=\"content__formFields\" style=\"-webkit-box-sizing: border-box; -moz-box-sizing: border-box; box-sizing: border-box !important;\" data-dojo-attach-point=\"formFieldsContainer\">\n<div data-dojo-type=\"mojo\/pages-signup-forms\/Loader\"><\/div>\n<div class=\"cmApp_embedFormContainer\" style=\"display:none;\"><\/div><div class=\"cmApp_FormButtonContainer\" style=\"display:none;\"><\/div>\n<\/div>\n<div><span style=\"color: #ffffff; margin-left: 20px;\">Para conhecer nossas pol\u00edticas de privacidade, v\u00e1 at\u00e9\u00a0<a style=\"color: #ffffff;\" href=\"https:\/\/adsmovil.com\/pt-br\/politicas-privacidad\/\" target=\"_blank\" rel=\"noopener noreferrer\">aqui<\/a><\/span><\/div>\n<\/div>\n<\/div>\n<\/div>\n<\/div>\n<\/div>\n<\/div>\n<\/div>\n<div class=\"templateSection templateSplash\" style=\"background: #3a4972 none no-repeat center\/cover; -webkit-box-sizing: border-box; -moz-box-sizing: border-box; position: relative; display: flex; flex-shrink: 0; justify-content: center; background-color: #3a4972; background-image: none; background-repeat: no-repeat; background-position: center; background-size: cover; border-top: 0; border-bottom: 0; box-sizing: border-box !important; padding: 0px;\" data-template-container=\"\">\n<div class=\"splashContainer contentContainer\" style=\"background: #transparent none no-repeat center\/cover; -webkit-box-sizing: border-box; -moz-box-sizing: border-box; max-width: 960px; width: 100%; flex: 0 0 auto; background-color: #transparent; background-image: none; background-repeat: no-repeat; background-position: center; background-size: cover; border-top: 0; border-bottom: 0; padding-top: 0; padding-bottom: 0; box-sizing: border-box !important;\">\n<div class=\"mcnFollowBlockInner\" style=\"padding: 9px; -webkit-box-sizing: border-box; -moz-box-sizing: border-box; box-sizing: border-box !important;\">\n<div style=\"display: flex; flex-direction: row; justify-content: center; padding-left: 9px; padding-right: 9px; -webkit-box-sizing: border-box; -moz-box-sizing: border-box; box-sizing: border-box !important;\">\n<div class=\"mcnFollowContent\" style=\"display: flex; flex-direction: row; justify-content: center; flex: 1 1 auto; flex-wrap: wrap; -webkit-box-sizing: border-box; -moz-box-sizing: border-box; box-sizing: border-box !important; padding: 9px 9px 5px 9px;\">\n<div style=\"display: flex; align-items: center; flex-direction: row; padding: 0px 18px 0px 9px; -webkit-box-sizing: border-box; -moz-box-sizing: border-box; box-sizing: border-box !important;\">\n<div class=\"mcnFollowIconContent\" style=\"width: 24px; padding: 0px 0px 5px 0px; -webkit-box-sizing: border-box; -moz-box-sizing: border-box; box-sizing: border-box !important;\"><a style=\"-webkit-box-sizing: border-box; -moz-box-sizing: border-box; box-sizing: border-box !important;\" href=\"https:\/\/mc.us19.list-manage.com\/pages\/track\/click?u=028429f769dd488eecc7ac893&amp;id=c90030b702\" target=\"_blank\" rel=\"noopener noreferrer\"><br \/>\n<img decoding=\"async\" class=\"mcnFollowBlockIcon\" style=\"max-width: 48px; display: block; -webkit-box-sizing: border-box; -moz-box-sizing: border-box; border: 0; height: auto; outline: none; text-decoration: none; box-sizing: border-box !important;\" src=\"https:\/\/eep.io\/mc-cdn-images\/icons\/social-block-v2\/light-linkedin-48.png\" alt=\"LinkedIn\" width=\"100%\" \/><br \/>\n<\/a><\/div>\n<\/div>\n<div style=\"display: flex; align-items: center; flex-direction: row; padding: 0px 18px 0px 9px; -webkit-box-sizing: border-box; -moz-box-sizing: border-box; box-sizing: border-box !important;\">\n<div class=\"mcnFollowIconContent\" style=\"width: 24px; padding: 0px 0px 5px 0px; -webkit-box-sizing: border-box; -moz-box-sizing: border-box; box-sizing: border-box !important;\"><a style=\"-webkit-box-sizing: border-box; -moz-box-sizing: border-box; box-sizing: border-box !important;\" href=\"https:\/\/mc.us19.list-manage.com\/pages\/track\/click?u=028429f769dd488eecc7ac893&amp;id=ef10980074\" target=\"_blank\" rel=\"noopener noreferrer\"><br \/>\n<img decoding=\"async\" class=\"mcnFollowBlockIcon\" style=\"max-width: 48px; display: block; -webkit-box-sizing: border-box; -moz-box-sizing: border-box; border: 0; height: auto; outline: none; text-decoration: none; box-sizing: border-box !important;\" src=\"https:\/\/eep.io\/mc-cdn-images\/icons\/social-block-v2\/light-instagram-48.png\" alt=\"Instagram\" width=\"100%\" \/><br \/>\n<\/a><\/div>\n<\/div>\n<div style=\"display: flex; align-items: center; flex-direction: row; padding: 0px 18px 0px 9px; -webkit-box-sizing: border-box; -moz-box-sizing: border-box; box-sizing: border-box !important;\">\n<div class=\"mcnFollowIconContent\" style=\"width: 24px; padding: 0px 0px 5px 0px; -webkit-box-sizing: border-box; -moz-box-sizing: border-box; box-sizing: border-box !important;\"><a style=\"-webkit-box-sizing: border-box; -moz-box-sizing: border-box; box-sizing: border-box !important;\" href=\"https:\/\/mc.us19.list-manage.com\/pages\/track\/click?u=028429f769dd488eecc7ac893&amp;id=e3af274ea9\" target=\"_blank\" rel=\"noopener noreferrer\"><br \/>\n<img decoding=\"async\" class=\"mcnFollowBlockIcon\" style=\"max-width: 48px; display: block; -webkit-box-sizing: border-box; -moz-box-sizing: border-box; border: 0; height: auto; outline: none; text-decoration: none; box-sizing: border-box !important;\" src=\"https:\/\/eep.io\/mc-cdn-images\/icons\/social-block-v2\/light-facebook-48.png\" alt=\"Facebook\" width=\"100%\" \/><br \/>\n<\/a><\/div>\n<\/div>\n<div style=\"display: flex; align-items: center; flex-direction: row; padding: 0px 18px 0px 9px; -webkit-box-sizing: border-box; -moz-box-sizing: border-box; box-sizing: border-box !important;\">\n<div class=\"mcnFollowIconContent\" style=\"width: 24px; padding: 0px 0px 5px 0px; -webkit-box-sizing: border-box; -moz-box-sizing: border-box; box-sizing: border-box !important;\"><a style=\"-webkit-box-sizing: border-box; -moz-box-sizing: border-box; box-sizing: border-box !important;\" href=\"https:\/\/mc.us19.list-manage.com\/pages\/track\/click?u=028429f769dd488eecc7ac893&amp;id=5decdeff00\" target=\"_blank\" rel=\"noopener noreferrer\"><br \/>\n<img decoding=\"async\" class=\"mcnFollowBlockIcon\" style=\"max-width: 48px; display: block; -webkit-box-sizing: border-box; -moz-box-sizing: border-box; border: 0; height: auto; outline: none; text-decoration: none; box-sizing: border-box !important;\" src=\"https:\/\/eep.io\/mc-cdn-images\/icons\/social-block-v2\/light-twitter-48.png\" alt=\"Twitter\" width=\"100%\" \/><br \/>\n<\/a><\/div>\n<\/div>\n<div style=\"display: flex; align-items: center; flex-direction: row; padding: 0px 18px 0px 9px; -webkit-box-sizing: border-box; -moz-box-sizing: border-box; box-sizing: border-box !important;\">\n<div class=\"mcnFollowIconContent\" style=\"width: 24px; padding: 0px 0px 5px 0px; -webkit-box-sizing: border-box; -moz-box-sizing: border-box; box-sizing: border-box !important;\"><a style=\"-webkit-box-sizing: border-box; -moz-box-sizing: border-box; box-sizing: border-box !important;\" href=\"https:\/\/mc.us19.list-manage.com\/pages\/track\/click?u=028429f769dd488eecc7ac893&amp;id=a527ace930\" target=\"_blank\" rel=\"noopener noreferrer\"><br \/>\n<img decoding=\"async\" class=\"mcnFollowBlockIcon\" style=\"max-width: 48px; display: block; -webkit-box-sizing: border-box; -moz-box-sizing: border-box; border: 0; height: auto; outline: none; text-decoration: none; box-sizing: border-box !important;\" src=\"https:\/\/eep.io\/mc-cdn-images\/icons\/social-block-v2\/light-youtube-48.png\" alt=\"YouTube\" width=\"100%\" \/><br \/>\n<\/a><\/div>\n<\/div>\n<div style=\"display: flex; align-items: center; flex-direction: row; padding: 0px 9px 0px 9px; -webkit-box-sizing: border-box; -moz-box-sizing: border-box; box-sizing: border-box !important;\">\n<div class=\"mcnFollowIconContent\" style=\"width: 24px; padding: 0px 0px 5px 0px; -webkit-box-sizing: border-box; -moz-box-sizing: border-box; box-sizing: border-box !important;\"><a style=\"-webkit-box-sizing: border-box; -moz-box-sizing: border-box; box-sizing: border-box !important;\" href=\"https:\/\/mc.us19.list-manage.com\/pages\/track\/click?u=028429f769dd488eecc7ac893&amp;id=7ffad57b9d\" target=\"_blank\" rel=\"noopener noreferrer\"><br \/>\n<img decoding=\"async\" class=\"mcnFollowBlockIcon\" style=\"max-width: 48px; display: block; -webkit-box-sizing: border-box; -moz-box-sizing: border-box; border: 0; height: auto; outline: none; text-decoration: none; box-sizing: border-box !important;\" src=\"https:\/\/eep.io\/mc-cdn-images\/icons\/social-block-v2\/light-link-48.png\" alt=\"Website\" width=\"100%\" \/><br \/>\n<\/a><\/div>\n<\/div>\n<\/div>\n<\/div>\n<\/div>\n<\/div>\n<\/div>\n<div class=\"templateSection templateFooter\" style=\"background: #ffffff none no-repeat center\/cover; -webkit-box-sizing: border-box; -moz-box-sizing: border-box; position: relative; display: flex; flex-shrink: 0; justify-content: center; background-color: #ffffff; background-image: none; background-repeat: no-repeat; background-position: center; background-size: cover; border-top: 0; border-bottom: 0; box-sizing: border-box !important; padding: 162px 0px 64px 0px;\">\n<div class=\"columnContainer contentContainer\" style=\"-webkit-box-sizing: border-box; -moz-box-sizing: border-box; display: flex; flex-direction: row; width: 100%; max-width: 960px; flex: 0 0 auto; box-sizing: border-box !important;\">\n<div class=\"footerLeftColumnContainer column\" style=\"background: #transparent none no-repeat center\/cover; -webkit-box-sizing: border-box; -moz-box-sizing: border-box; flex: 1; background-color: #transparent; background-image: none; background-repeat: no-repeat; background-position: center; background-size: cover; border-top: 0; border-bottom: 0; padding-top: 0; padding-bottom: 0; box-sizing: border-box !important;\"><\/div>\n<div class=\"footerRightColumnContainer column\" style=\"background: #transparent none no-repeat center\/cover; -webkit-box-sizing: border-box; -moz-box-sizing: border-box; flex: 1; background-color: #transparent; background-image: none; background-repeat: no-repeat; background-position: center; background-size: cover; border-top: 0; border-bottom: 0; padding-top: 0; padding-bottom: 0; box-sizing: border-box !important;\"><\/div>\n<\/div>\n<\/div>\n<\/div>\n<div data-dojo-type=\"mojo\/widgets\/pages\/PrivacyBadge\" data-dojo-props=\"uniqueId: &quot;028429f769dd488eecc7ac893&quot;, isLive: true, settings: {&quot;enabled&quot;:true,&quot;pageId&quot;:9859,&quot;theme&quot;:&quot;light&quot;}\"><\/div>\n<div data-dojo-type=\"mojo\/widgets\/pages\/PaymentGalleryImages\"><\/div>\n<p><script type=\"text\/javascript\" src=\"https:\/\/eep.io\/mc-release\/1.1.1f07d802d80c950bb60ceccf69669ad39e5e9f179\/js\/mojo\/mclandingpage.js\" data-dojo-config=\"baseUrl: &quot;https:\/\/eep.io\/mc-release\/1.1.1f07d802d80c950bb60ceccf69669ad39e5e9f179\/js\/dojo\/&quot;, parseOnLoad: true, usePlainJson: true, isDebug: false\"><\/script><script type=\"text\/javascript\" src=\"\/\/mc.us19.list-manage.com\/pages\/track\/open?u=028429f769dd488eecc7ac893&#038;id=030050e4e1f0\" async><\/script><\/p>\n","protected":false},"excerpt":{"rendered":"<p>Pesquisa de jogos para celular no Brasil\u200b 2020 A ind\u00fastria de jogos \u00e9 um fen\u00f4memo\u00a0diferente\u00a0em 2020, inovando a maneira como interagimos online.\u200b\u200b Os jogos n\u00e3o s\u00e3o mais\u00a0uma m\u00eddia de consumo\u00a0spor\u00e1dica, mas agora s\u00e3o a base de novas gigantes\u00a0comunidades online. Est\u00e3o evoluindo para &#8220;terceiros\u00a0espa\u00e7os&#8221; &#8211; um local que n\u00e3o \u00e9 sua casa ou trabalho &#8211;\u00a0onde os [&hellip;]<\/p>\n","protected":false},"author":18,"featured_media":0,"parent":0,"menu_order":0,"comment_status":"closed","ping_status":"closed","template":"","meta":{"_themeisle_gutenberg_block_has_review":false,"footnotes":"","_links_to":"","_links_to_target":""},"class_list":["post-30817","page","type-page","status-publish","hentry"],"acf":[],"_links":{"self":[{"href":"https:\/\/adsmovil.com\/pt-br\/wp-json\/wp\/v2\/pages\/30817","targetHints":{"allow":["GET"]}}],"collection":[{"href":"https:\/\/adsmovil.com\/pt-br\/wp-json\/wp\/v2\/pages"}],"about":[{"href":"https:\/\/adsmovil.com\/pt-br\/wp-json\/wp\/v2\/types\/page"}],"author":[{"embeddable":true,"href":"https:\/\/adsmovil.com\/pt-br\/wp-json\/wp\/v2\/users\/18"}],"replies":[{"embeddable":true,"href":"https:\/\/adsmovil.com\/pt-br\/wp-json\/wp\/v2\/comments?post=30817"}],"version-history":[{"count":8,"href":"https:\/\/adsmovil.com\/pt-br\/wp-json\/wp\/v2\/pages\/30817\/revisions"}],"predecessor-version":[{"id":30852,"href":"https:\/\/adsmovil.com\/pt-br\/wp-json\/wp\/v2\/pages\/30817\/revisions\/30852"}],"wp:attachment":[{"href":"https:\/\/adsmovil.com\/pt-br\/wp-json\/wp\/v2\/media?parent=30817"}],"curies":[{"name":"wp","href":"https:\/\/api.w.org\/{rel}","templated":true}]}}