{"id":26735,"date":"2015-06-30T14:06:34","date_gmt":"2015-06-30T14:06:34","guid":{"rendered":"http:\/\/www.adsmovil.com\/pt-br\/politicas-privacidad\/"},"modified":"2022-10-04T20:46:01","modified_gmt":"2022-10-04T20:46:01","slug":"politicas-privacidad","status":"publish","type":"page","link":"https:\/\/adsmovil.com\/pt-br\/politicas-privacidad\/","title":{"rendered":"Pol\u00edtica de Privacidade"},"content":{"rendered":"<div class=\"wpb-content-wrapper\">[vc_row][vc_column][mk_padding_divider size=&#8221;60&#8243;][vc_column_text css=&#8221;.vc_custom_1664916206325{margin-bottom: 0px !important;}&#8221;]\n<div style=\"font-family: Lato;\">\n<h2><b>AVISO DE PRIVACIDADE<\/b><\/h2>\n<p>&nbsp;<\/p>\n<h3><b>INTRODU\u00c7\u00c3O<\/b><\/h3>\n<p><span style=\"font-weight: 400;\">A <\/span><b>AdsMovil<\/b><span style=\"font-weight: 400;\"> (AdsMovil do Brasil Ltda.) est\u00e1 empenhada na prote\u00e7\u00e3o dos dados pessoais daqueles que visitam este website, conforme as melhores pr\u00e1ticas e legisla\u00e7\u00f5es aplic\u00e1veis, sobretudo conforme a Lei Geral de Prote\u00e7\u00e3o de Dados \u2013 Lei n\u00ba 13.709\/2018 (\u201cLGPD\u201d) e o Marco Civil da Internet \u2013 Lei n\u00ba 12.965\/2014.<\/span><\/p>\n<p><span style=\"font-weight: 400;\">Atrav\u00e9s desta declara\u00e7\u00e3o de privacidade voc\u00ea ser\u00e1 informado sobre como usamos as informa\u00e7\u00f5es pessoais que voc\u00ea porventura vier a fornecer, como tais informa\u00e7\u00f5es s\u00e3o protegidas, seus direitos e as op\u00e7\u00f5es que voc\u00ea tem para controlar suas informa\u00e7\u00f5es pessoais e proteger sua privacidade. Estas disposi\u00e7\u00f5es ser\u00e3o aplic\u00e1veis no caso de coletarmos e trabalharmos com dados pessoais identificados ou identific\u00e1veis.<\/span><\/p>\n<p>&nbsp;<\/p>\n<h3><b>TRATAMENTO DE DADOS PESSOAIS<\/b><\/h3>\n<p><span style=\"font-weight: 400;\">A <\/span><b>AdsMovil<\/b><span style=\"font-weight: 400;\"> afirma que suas atividades n\u00e3o realizam a coleta de dados pessoais (identificados ou identific\u00e1veis) dos usu\u00e1rios dos nossos servi\u00e7os ou de terceiros, inclusive nossos clientes.\u00a0<\/span><\/p>\n<p><span style=\"font-weight: 400;\">\u201cDado Pessoal\u201d \u00e9 a informa\u00e7\u00e3o relacionada a uma pessoa natural identificada ou identific\u00e1vel, ou seja, qualquer informa\u00e7\u00e3o que identifique ou possa identificar uma pessoa, tais como nomes, c\u00f3digos de identifica\u00e7\u00e3o, endere\u00e7os (inclusive e-mail).<\/span><\/p>\n<p><span style=\"font-weight: 400;\">Os servi\u00e7os fornecidos pela <\/span><b>AdsMovil<\/b><span style=\"font-weight: 400;\"> constituem uma gama de tecnologias que n\u00e3o necessita do tratamento de Dados Pessoais. A <\/span><b>AdsMovil<\/b><span style=\"font-weight: 400;\"> n\u00e3o coleta Dados Pessoais dos seus usu\u00e1rios finais, utilizando apenas dados <\/span><i><span style=\"font-weight: 400;\">&#8220;non-personally identifiable&#8221;<\/span><\/i><span style=\"font-weight: 400;\">, ou seja, que n\u00e3o permitem a identifica\u00e7\u00e3o do seu titular, sendo caracterizados como dados an\u00f4nimos, na forma da Lei 13.709\/2018 (\u201cLGPD\u201d).\u00a0<\/span><\/p>\n<p><span style=\"font-weight: 400;\">Atrav\u00e9s da sua tecnologia a <\/span><b>AdsMovil<\/b><span style=\"font-weight: 400;\"> gera um n\u00famero de identifica\u00e7\u00e3o para cada usu\u00e1rio (\u201cID\u201d), sem que tal informa\u00e7\u00e3o permita a identifica\u00e7\u00e3o do titular, mas ainda assim um n\u00famero \u00fanico para que permita a presta\u00e7\u00e3o dos servi\u00e7os pela <\/span><b>AdsMovil<\/b><span style=\"font-weight: 400;\">. Os dados coletados pela Adsmovil na execu\u00e7\u00e3o das suas atividades s\u00e3o \u00e0queles referidos na coluna <\/span><b>Targeting Key<\/b><span style=\"font-weight: 400;\"> da planilha abaixo:<\/span><\/p>\n<\/div>\n[\/vc_column_text][mk_padding_divider size=&#8221;60&#8243;][\/vc_column][\/vc_row][vc_row][vc_column][mk_table]\n<table>\n<tbody>\n<tr>\n<td style=\"text-align: left;\"><b>Targeting Module<\/b><\/td>\n<td style=\"text-align: left;\"><b>Targeting Key<\/b><\/td>\n<td style=\"text-align: left;\"><b>Definition<\/b><\/td>\n<\/tr>\n<tr>\n<td><span style=\"font-weight: 400;\">admin<\/span><\/td>\n<td><span style=\"font-weight: 400;\">account_id<\/span><\/td>\n<td><span style=\"font-weight: 400;\">The ID of the Beewax account eligible to serve the ad<\/span><\/td>\n<\/tr>\n<tr>\n<td><span style=\"font-weight: 400;\">admin<\/span><\/td>\n<td><span style=\"font-weight: 400;\">campaign_id<\/span><\/td>\n<td><span style=\"font-weight: 400;\">ID of the campaign that is eligible for the bid<\/span><\/td>\n<\/tr>\n<tr>\n<td><span style=\"font-weight: 400;\">admin<\/span><\/td>\n<td><span style=\"font-weight: 400;\">campaign_name<\/span><\/td>\n<td><span style=\"font-weight: 400;\">Name of the campaign<\/span><\/td>\n<\/tr>\n<tr>\n<td><span style=\"font-weight: 400;\">geo<\/span><\/td>\n<td><span style=\"font-weight: 400;\">city<\/span><\/td>\n<td><span style=\"font-weight: 400;\">City geo code based on MaxMindDB<\/span><\/td>\n<\/tr>\n<tr>\n<td><span style=\"font-weight: 400;\">geo<\/span><\/td>\n<td><span style=\"font-weight: 400;\">country<\/span><\/td>\n<td><span style=\"font-weight: 400;\">Country code (3 characters)<\/span><\/td>\n<\/tr>\n<tr>\n<td><span style=\"font-weight: 400;\">geo<\/span><\/td>\n<td><span style=\"font-weight: 400;\">lat_long<\/span><\/td>\n<td><span style=\"font-weight: 400;\">If the device&#8217;s latitude and longitude are present on the request<\/span><\/td>\n<\/tr>\n<tr>\n<td><span style=\"font-weight: 400;\">geo<\/span><\/td>\n<td><span style=\"font-weight: 400;\">metro<\/span><\/td>\n<td><span style=\"font-weight: 400;\">Metro geo code based on MaxMindDB<\/span><\/td>\n<\/tr>\n<tr>\n<td><span style=\"font-weight: 400;\">geo<\/span><\/td>\n<td><span style=\"font-weight: 400;\">region<\/span><\/td>\n<td><span style=\"font-weight: 400;\">Geo region name based on MaxMindDB<\/span><\/td>\n<\/tr>\n<tr>\n<td><span style=\"font-weight: 400;\">geo<\/span><\/td>\n<td><span style=\"font-weight: 400;\">zip<\/span><\/td>\n<td><span style=\"font-weight: 400;\">Zip code<\/span><\/td>\n<\/tr>\n<tr>\n<td><span style=\"font-weight: 400;\">inventory<\/span><\/td>\n<td><span style=\"font-weight: 400;\">ad_size<\/span><\/td>\n<td><span style=\"font-weight: 400;\">Size of the creative, expressed as &lt;width&gt;x&lt;height&gt;<\/span><\/td>\n<\/tr>\n<tr>\n<td><span style=\"font-weight: 400;\">inventory<\/span><\/td>\n<td><span style=\"font-weight: 400;\">app_bundle<\/span><\/td>\n<td><span style=\"font-weight: 400;\">Application bundle or package name (e.g., com.foo.mygame). This is a unique ID across multiple exchanges.<\/span><\/td>\n<\/tr>\n<tr>\n<td><span style=\"font-weight: 400;\">inventory<\/span><\/td>\n<td><span style=\"font-weight: 400;\">app_id<\/span><\/td>\n<td><span style=\"font-weight: 400;\">Application ID on the exchange. For uniqueness, Uses ad exchange\/SSP identifier as prefix e.g. pm\/ representing pubmatic<\/span><\/td>\n<\/tr>\n<tr>\n<td><span style=\"font-weight: 400;\">inventory<\/span><\/td>\n<td><span style=\"font-weight: 400;\">app_name<\/span><\/td>\n<td><span style=\"font-weight: 400;\">Application name<\/span><\/td>\n<\/tr>\n<tr>\n<td><span style=\"font-weight: 400;\">inventory<\/span><\/td>\n<td><span style=\"font-weight: 400;\">content_category<\/span><\/td>\n<td><span style=\"font-weight: 400;\">IAB categories from OpenRTB<\/span><\/td>\n<\/tr>\n<tr>\n<td><span style=\"font-weight: 400;\">inventory<\/span><\/td>\n<td><span style=\"font-weight: 400;\">domain<\/span><\/td>\n<td><span style=\"font-weight: 400;\">Domain from which impression originated<\/span><\/td>\n<\/tr>\n<tr>\n<td><span style=\"font-weight: 400;\">inventory<\/span><\/td>\n<td><span style=\"font-weight: 400;\">environment_type<\/span><\/td>\n<td><span style=\"font-weight: 400;\">Environment type (APP or WEB)<\/span><\/td>\n<\/tr>\n<tr>\n<td><span style=\"font-weight: 400;\">inventory<\/span><\/td>\n<td><span style=\"font-weight: 400;\">publisher_id<\/span><\/td>\n<td><span style=\"font-weight: 400;\">Publisher ID on the exchange. Prefixed with the exchange handle for uniqueness<\/span><\/td>\n<\/tr>\n<tr>\n<td><span style=\"font-weight: 400;\">Inventory<\/span><\/td>\n<td><span style=\"font-weight: 400;\">site_id<\/span><\/td>\n<td><span style=\"font-weight: 400;\">ID of the site that generated the impression, as provided by the publisher<\/span><\/td>\n<\/tr>\n<tr>\n<td><span style=\"font-weight: 400;\">inventory<\/span><\/td>\n<td><span style=\"font-weight: 400;\">site_name<\/span><\/td>\n<td><span style=\"font-weight: 400;\">Name of the site that generated the impression, as provided by the publisher<\/span><\/td>\n<\/tr>\n<tr>\n<td><span style=\"font-weight: 400;\">platform<\/span><\/td>\n<td><span style=\"font-weight: 400;\">bandwidth<\/span><\/td>\n<td><span style=\"font-weight: 400;\">Whether the browser is using wifi or carrier to establish connection with internet to generate the impression<\/span><\/td>\n<\/tr>\n<tr>\n<td><span style=\"font-weight: 400;\">platform<\/span><\/td>\n<td><span style=\"font-weight: 400;\">browser<\/span><\/td>\n<td><span style=\"font-weight: 400;\">Name of browser<\/span><\/td>\n<\/tr>\n<tr>\n<td><span style=\"font-weight: 400;\">platform<\/span><\/td>\n<td><span style=\"font-weight: 400;\">browser_version<\/span><\/td>\n<td><span style=\"font-weight: 400;\">Version of browser<\/span><\/td>\n<\/tr>\n<tr>\n<td><span style=\"font-weight: 400;\">platform<\/span><\/td>\n<td><span style=\"font-weight: 400;\">carrier<\/span><\/td>\n<td><span style=\"font-weight: 400;\">If the device is using a mobile carrier to establish internet connection, this field will identify which carrier is used<\/span><\/td>\n<\/tr>\n<tr>\n<td><span style=\"font-weight: 400;\">platform<\/span><\/td>\n<td><span style=\"font-weight: 400;\">device_make<\/span><\/td>\n<td><span style=\"font-weight: 400;\">Make of the device (e.g. &#8220;Samsung&#8221;)<\/span><\/td>\n<\/tr>\n<tr>\n<td><span style=\"font-weight: 400;\">platform<\/span><\/td>\n<td><span style=\"font-weight: 400;\">device_model<\/span><\/td>\n<td><span style=\"font-weight: 400;\">Model of the device<\/span><\/td>\n<\/tr>\n<tr>\n<td><span style=\"font-weight: 400;\">platform<\/span><\/td>\n<td><span style=\"font-weight: 400;\">device_screen_size<\/span><\/td>\n<td><span style=\"font-weight: 400;\">Device screen size. Valid values are &#8220;S&#8221;, &#8220;M&#8221;, &#8220;L&#8221;, &#8220;XL&#8221;, and &#8220;NA&#8221;<\/span><\/td>\n<\/tr>\n<tr>\n<td><span style=\"font-weight: 400;\">platform<\/span><\/td>\n<td><span style=\"font-weight: 400;\">device_type<\/span><\/td>\n<td><span style=\"font-weight: 400;\">Type of device<\/span><\/td>\n<\/tr>\n<tr>\n<td><span style=\"font-weight: 400;\">platform<\/span><\/td>\n<td><span style=\"font-weight: 400;\">ip_address<\/span><\/td>\n<td><span style=\"font-weight: 400;\">Range of IP address<\/span><\/td>\n<\/tr>\n<tr>\n<td><span style=\"font-weight: 400;\">platform<\/span><\/td>\n<td><span style=\"font-weight: 400;\">os<\/span><\/td>\n<td><span style=\"font-weight: 400;\">Operating system of the device<\/span><\/td>\n<\/tr>\n<tr>\n<td><span style=\"font-weight: 400;\">platform<\/span><\/td>\n<td><span style=\"font-weight: 400;\">os_version<\/span><\/td>\n<td><span style=\"font-weight: 400;\">Operating system version of the device<\/span><\/td>\n<\/tr>\n<tr>\n<td><span style=\"font-weight: 400;\">platform<\/span><\/td>\n<td><span style=\"font-weight: 400;\">user_id<\/span><\/td>\n<td><span style=\"font-weight: 400;\">This is the mobile advertising ID or cookie of the device<\/span><\/td>\n<\/tr>\n<tr>\n<td><span style=\"font-weight: 400;\">time<\/span><\/td>\n<td><span style=\"font-weight: 400;\">bidding_time<\/span><\/td>\n<td><span style=\"font-weight: 400;\">Date and time of the bidding<\/span><\/td>\n<\/tr>\n<tr>\n<td><span style=\"font-weight: 400;\">time<\/span><\/td>\n<td><span style=\"font-weight: 400;\">day_of_week_utc<\/span><\/td>\n<td><span style=\"font-weight: 400;\">Indicates the day of the bid request, between 1 (Sunday) and 7 (Saturday) in UTC timezone<\/span><\/td>\n<\/tr>\n<tr>\n<td><span style=\"font-weight: 400;\">time<\/span><\/td>\n<td><span style=\"font-weight: 400;\">hour_of_day_utc<\/span><\/td>\n<td><span style=\"font-weight: 400;\">Hour of the bid request, between 0 and 23 in UTC timezone<\/span><\/td>\n<\/tr>\n<tr>\n<td><span style=\"font-weight: 400;\">time<\/span><\/td>\n<td><span style=\"font-weight: 400;\">time_of_week<\/span><\/td>\n<td><span style=\"font-weight: 400;\">Count in minutes from Sunday at midnight (0) to Saturday at 11:59 (10079) in range format [&lt;start&gt;,&lt;end&gt;]. Calculation is against EST. See user_time_of_week below for relative time.<\/span><\/td>\n<\/tr>\n<tr>\n<td><span style=\"font-weight: 400;\">video<\/span><\/td>\n<td><span style=\"font-weight: 400;\">playback_method<\/span><\/td>\n<td><span style=\"font-weight: 400;\">Video playback method, as determined by the publisher<\/span><\/td>\n<\/tr>\n<tr>\n<td><span style=\"font-weight: 400;\">video<\/span><\/td>\n<td><span style=\"font-weight: 400;\">player_size<\/span><\/td>\n<td><span style=\"font-weight: 400;\">Video player size. Valid values are &#8220;S&#8221;, &#8220;M&#8221;, &#8220;L&#8221;.<\/span><\/td>\n<\/tr>\n<tr>\n<td><span style=\"font-weight: 400;\">video<\/span><\/td>\n<td><span style=\"font-weight: 400;\">start_delay<\/span><\/td>\n<td><span style=\"font-weight: 400;\">Indicates the start delay in seconds for pre-roll, mid-roll, or post-roll ad placements<\/span><\/td>\n<\/tr>\n<tr>\n<td><span style=\"font-weight: 400;\">video<\/span><\/td>\n<td><span style=\"font-weight: 400;\">video_placement_type<\/span><\/td>\n<td><span style=\"font-weight: 400;\">Whether the video is in-banner (0), in-stream (1), in-article (2), in-feed (3), or interstitial\/slider\/floating (4)<\/span><\/td>\n<\/tr>\n<\/tbody>\n<\/table>\n[\/mk_table][mk_padding_divider size=&#8221;60&#8243;][\/vc_column][\/vc_row][vc_row][vc_column][vc_column_text css=&#8221;.vc_custom_1664916277347{margin-bottom: 0px !important;}&#8221;]\n<div style=\"font-family: Lato;\">\n<h3><b>SOBRE A COLETA DE DADOS\u00a0<\/b><\/h3>\n<p><span style=\"font-weight: 400;\">Podemos, eventualmente, solicitar o fornecimento de dados para uma oferta melhor de produtos e servi\u00e7os e, para isso, cumprimos com todas as determina\u00e7\u00f5es legais vigentes. Assim, se houver a coleta de dados para a oferta dos nossos servi\u00e7os durante a visita a websites ou atrav\u00e9s de aplicativos m\u00f3veis, aplicam-se as regras de privacidade descritas nesta Pol\u00edtica de Privacidade, que detalha como usamos suas informa\u00e7\u00f5es pessoais e os terceiros com quem as compartilhamos.<\/span><\/p>\n<p>&nbsp;<\/p>\n<h4><b>Quais dados poder\u00e3o ser coletados:\u00a0<\/b><\/h4>\n<p><span style=\"font-weight: 400;\">Com o consentimento de cada titular a <\/span><b>AdsMovil<\/b><span style=\"font-weight: 400;\"> poder\u00e1 coletar: tipo de aparelho m\u00f3vel; tipo de sistema operacional (OS) do aparelho m\u00f3vel (iOS ou Android) e hist\u00f3rico de navega\u00e7\u00e3o. Tais dados s\u00e3o an\u00f4nimos e conjuntamente com o ID n\u00e3o permitem a identifica\u00e7\u00e3o de um titular de dados pessoais. Estes dados an\u00f4nimos poder\u00e3o ser compartilhados com terceiros, parceiros e clientes da <\/span><b>AdsMovil<\/b><span style=\"font-weight: 400;\">, com a finalidade de envio de publicidade direcionada a seus usu\u00e1rios e clientes.<\/span><\/p>\n<p><span style=\"font-weight: 400;\">Os dados s\u00e3o tratados com confidencialidade e ser\u00e3o utilizados pela <\/span><b>AdsMovil<\/b><span style=\"font-weight: 400;\"> com a finalidade de oferecer publicidade personalizada aos visitantes de websites e aplicativos m\u00f3veis.\u00a0<\/span><\/p>\n<p><span style=\"font-weight: 400;\">Em hip\u00f3tese alguma a <\/span><b>AdsMovil <\/b><span style=\"font-weight: 400;\">revelar\u00e1 os dados coletados a terceiros sem a expressa autoriza\u00e7\u00e3o dos titulares dos dados ou sem que haja uma determina\u00e7\u00e3o judicial para isso. <\/span><span style=\"font-weight: 400;\">A <\/span><b>AdsMovil<\/b><span style=\"font-weight: 400;\"> divulgar\u00e1 os dados pessoais quando exigido por lei ou processo judicial, para a administra\u00e7\u00e3o da justi\u00e7a, para proteger seus interesses vitais, para investiga\u00e7\u00f5es das autoridades de seguran\u00e7a ou regulat\u00f3rias, para proteger seus bens e direitos, proteger a seguran\u00e7a dos demais usu\u00e1rios ou no caso de mandado judicial ou ordem de um \u00f3rg\u00e3o de seguran\u00e7a.<\/span><\/p>\n<p><span style=\"font-weight: 400;\">Os dados coletados somente poder\u00e3o ser acessados por profissionais devidamente autorizados pela <\/span><b>AdsMovil<\/b><span style=\"font-weight: 400;\">, observando a finalidade para os quais foram coletados e a necessidade a que ser\u00e3o submetidos, preservando-se a privacidade de cada titular.<\/span><\/p>\n<p><span style=\"font-weight: 400;\">Eventualmente poder\u00e3o ser coletados Dados Pessoais de potenciais clientes da <\/span><b>AdsMovil<\/b><span style=\"font-weight: 400;\">, com a finalidade exclusiva de lhes contatar para informar sobre ofertas de seus produtos e servi\u00e7os. Nesta hip\u00f3tese seriam coletados nome, email, telefone fixo e telefone m\u00f3vel. Os Dados Pessoais seriam armazenados por per\u00edodo descrito no momento de sua coleta, no Brasil ou na Col\u00f4mbia, com a obten\u00e7\u00e3o de consentimento pr\u00e9vio dos titulares dos Dados Pessoais nesta hip\u00f3tese, aplicando-se esta Pol\u00edtica de Privacidade quanto a sua gest\u00e3o e tratamento.<\/span><\/p>\n<p>&nbsp;<\/p>\n<h3><b>SOBRE O ARMAZENAMENTO DOS DADOS PESSOAIS<\/b><\/h3>\n<p><span style=\"font-weight: 400;\">Os dados e informa\u00e7\u00f5es coletados estar\u00e3o armazenados de forma anonimizada em ambiente seguro, em servidores preferencialmente localizados no Brasil, observado o estado da t\u00e9cnica dispon\u00edvel, valendo-se de pol\u00edticas e tecnologias de seguran\u00e7a como: criptografia, controles de acesso e certifica\u00e7\u00f5es de seguran\u00e7a espec\u00edficos, e somente poder\u00e3o ser acessadas por pessoas qualificadas e autorizadas pela <\/span><b>AdsMovil<\/b><span style=\"font-weight: 400;\">.\u00a0<\/span><\/p>\n<p>&nbsp;<\/p>\n<p><span style=\"font-weight: 400;\">A <\/span><b>AdsMovil<\/b><span style=\"font-weight: 400;\"> poder\u00e1 eventualmente armazenar os dados na Col\u00f4mbia e Estados Unidos. Nessas circunst\u00e2ncias, ser\u00e3o tomadas as medidas necess\u00e1rias para garantir que as informa\u00e7\u00f5es estejam sob prote\u00e7\u00e3o adequada, incluindo verifica\u00e7\u00f5es de seguran\u00e7a de dados de todos os que receberem tais informa\u00e7\u00f5es e celebra\u00e7\u00e3o de contatos com essas pessoas para garantir que empreguem as mesmas medidas t\u00e9cnicas e organizacionais que a <\/span><b>AdsMovil<\/b><span style=\"font-weight: 400;\">, para que os dados fiquem adequadamente protegidos.<\/span><\/p>\n<p><span style=\"font-weight: 400;\">Consulte as pol\u00edticas de gest\u00e3o da AdsMovil em <\/span><a href=\"https:\/\/adsmovil.com\/pt-br\/politicas-privacidad\/\"><span style=\"font-weight: 400;\">https:\/\/adsmovil.com\/pt-br\/politicas-privacidad\/<\/span><\/a><span style=\"font-weight: 400;\"> e verifique suas condi\u00e7\u00f5es de coleta e uso de dados.<\/span><\/p>\n<p><span style=\"font-weight: 400;\">Nas hip\u00f3teses em que houver o armazenamento de Dados Pessoais, estes ser\u00e3o mantidos:<\/span><\/p>\n<ol>\n<li style=\"font-weight: 400;\" aria-level=\"1\"><span style=\"font-weight: 400;\">durante a presta\u00e7\u00e3o dos servi\u00e7os para os titulares dos dados, conforme a finalidade definida neste documento;\u00a0<\/span><\/li>\n<li style=\"font-weight: 400;\" aria-level=\"1\"><span style=\"font-weight: 400;\">sua exclus\u00e3o n\u00e3o for solicitada diretamente pelo titular dos dados; ou\u00a0<\/span><\/li>\n<li style=\"font-weight: 400;\" aria-level=\"1\"><span style=\"font-weight: 400;\">enquanto for necess\u00e1rio para o cumprimento de uma obriga\u00e7\u00e3o legal ou para a formula\u00e7\u00e3o, exerc\u00edcio e defesa de reivindica\u00e7\u00f5es.<\/span><\/li>\n<\/ol>\n<p><span style=\"font-weight: 400;\">A eventual coleta de Dados Pessoais informar\u00e1 sobre os prazos de armazenamento e seu local, na forma da LGPD, no momento de sua coleta.<\/span><\/p>\n<p>&nbsp;<\/p>\n<h3><b>RETEN\u00c7\u00c3O DE INFORMA\u00c7\u00d5ES PESSOAIS<\/b><\/h3>\n<p><span style=\"font-weight: 400;\">A <\/span><b>AdsMovil<\/b><span style=\"font-weight: 400;\"> manter\u00e1 os Dados Pessoais porventura coletados de acordo com o per\u00edodo informado no momento da coleta, salvo se um per\u00edodo mais longo ou mais breve for exigido por lei, necess\u00e1rio em virtude do andamento de um processo ou para algum fim em especial, conforme a legisla\u00e7\u00e3o vigente.<\/span><\/p>\n<p><span style=\"font-weight: 400;\">Os dados an\u00f4nimos poder\u00e3o ser mantidos por prazo indeterminado, uma vez que n\u00e3o identificam seus titulares.<\/span><\/p>\n<p>&nbsp;<\/p>\n<h3><b>ACESSO, CORRE\u00c7\u00c3O, EXCLUS\u00c3O E CANCELAMENTO DE INFORMA\u00c7\u00d5ES\u00a0<\/b><\/h3>\n<p><span style=\"font-weight: 400;\">O titular dos Dados Pessoais poder\u00e1 a qualquer momento solicitar a altera\u00e7\u00e3o, atualiza\u00e7\u00e3o, corre\u00e7\u00e3o e ou exclus\u00e3o dos seus Dados Pessoais fornecidos, atrav\u00e9s do contato direto atrav\u00e9s de email para: <\/span><a href=\"mailto:privacy@adsmovil.com\"><span style=\"font-weight: 400;\">privacy@adsmovil.com<\/span><\/a><span style=\"font-weight: 400;\">.\u00a0<\/span><\/p>\n<p>&nbsp;<\/p>\n<h4><b>Pessoa respons\u00e1vel pelo tratamento de Dados Pessoais:<\/b><\/h4>\n<p><span style=\"font-weight: 400;\">O respons\u00e1vel pelo tratamento de seus dados e seus dados de contato s\u00e3o:\u00a0<\/span><\/p>\n<h4><b>Departamento de Data Privacy AdsMovil<\/b><\/h4>\n<ol>\n<li style=\"font-weight: 400;\" aria-level=\"1\"><span style=\"font-weight: 400;\">Endere\u00e7o postal: Rua Pedroso de Morais no. 1619, conj 411, &#8211; Pinheiros \u2013 S\u00e3o Paulo \u2013 SP \u2013 CEP 04419-001<\/span><\/li>\n<li style=\"font-weight: 400;\" aria-level=\"1\"><span style=\"font-weight: 400;\">Contato e-mail: <\/span><a href=\"mailto:privacy@adsmovil.com\"><span style=\"font-weight: 400;\">privacy@adsmovil.com<\/span><\/a><span style=\"font-weight: 400;\">\u00a0<\/span><\/li>\n<\/ol>\n<p>&nbsp;<\/p>\n<h3><b>DECLARA\u00c7\u00c3O QUANTO A COOKIES\u00a0<\/b><\/h3>\n<p><span style=\"font-weight: 400;\">A <\/span><b>AdsMovil<\/b><span style=\"font-weight: 400;\"> poder\u00e1 utilizar cookies para administrar as sess\u00f5es de usu\u00e1rios e armazenar prefer\u00eancias, rastrear informa\u00e7\u00f5es, idioma selecionado, dentre outros.\u00a0<\/span><\/p>\n<ol>\n<li style=\"font-weight: 400;\" aria-level=\"3\"><span style=\"font-weight: 400;\">\u201cCookies\u201d s\u00e3o pequenos arquivos de texto transferidos via servidor para o disco r\u00edgido e armazenados no dispositivo do Usu\u00e1rio. Cookies podem coletar informa\u00e7\u00f5es como data e hor\u00e1rio de acesso, hist\u00f3rico de navega\u00e7\u00e3o, prefer\u00eancias e nome do Usu\u00e1rio.<\/span><\/li>\n<li style=\"font-weight: 400;\" aria-level=\"3\"><span style=\"font-weight: 400;\">O Usu\u00e1rio tem a op\u00e7\u00e3o de aceitar ou recusar o uso de cookies em seu dispositivo, configurando seu dispositivo como desejar \u2013 neste caso, algumas funcionalidades podem ser limitadas.<\/span><\/li>\n<\/ol>\n<p><span style=\"font-weight: 400;\">Websites poder\u00e3o, eventualmente, conter links para sites de terceiros. A <\/span><b>AdsMovil <\/b><span style=\"font-weight: 400;\">n\u00e3o se responsabiliza pelo conte\u00fado ou pela seguran\u00e7a das informa\u00e7\u00f5es do usu\u00e1rio quando acessar sites de terceiros. Tais sites podem possuir suas pr\u00f3prias pol\u00edticas de privacidade quanto ao armazenamento e conserva\u00e7\u00e3o de informa\u00e7\u00f5es pessoais, completamente alheias a estes Termos.<\/span><\/p>\n<p>&nbsp;<\/p>\n<h3><b>DISPOSI\u00c7\u00d5ES GERAIS<\/b><\/h3>\n<p><span style=\"font-weight: 400;\">Essa Pol\u00edtica de Privacidade \u00e9 regida pelas leis da Rep\u00fablica Federativa do Brasil.\u00a0\u00a0<\/span><\/p>\n<p><span style=\"font-weight: 400;\">Se eventual determina\u00e7\u00e3o legal anular ou tornar ineficaz qualquer das disposi\u00e7\u00f5es da Pol\u00edtica, permanecer\u00e3o v\u00e1lidas as suas demais condi\u00e7\u00f5es, salvo caso o efeito da referida determina\u00e7\u00e3o, a crit\u00e9rio da <\/span><b>AdsMovil<\/b><span style=\"font-weight: 400;\">, venha a afetar a viabilidade de manter a Plataforma e os servi\u00e7os dispon\u00edveis.\u00a0<\/span><\/p>\n<p><span style=\"font-weight: 400;\">O foro central da Comarca de S\u00e3o Paulo fica desde j\u00e1 eleito para solucionar quaisquer conflitos relacionados a esta Pol\u00edtica, por mais privilegiado que outro possa ser ou vir a ser.<\/span><\/p>\n<p>&nbsp;<\/p>\n<p><b>\u00daltima atualiza\u00e7\u00e3o: 04 de octubro de 2022<\/b><\/p>\n<\/div>\n[\/vc_column_text][mk_padding_divider size=&#8221;60&#8243;][\/vc_column][\/vc_row]\n<\/div>","protected":false},"excerpt":{"rendered":"<p>[vc_row][vc_column][mk_padding_divider size=&#8221;60&#8243;][vc_column_text css=&#8221;.vc_custom_1664916206325{margin-bottom: 0px !important;}&#8221;] AVISO DE PRIVACIDADE &nbsp; INTRODU\u00c7\u00c3O A AdsMovil (AdsMovil do Brasil Ltda.) est\u00e1 empenhada na prote\u00e7\u00e3o dos dados pessoais daqueles que visitam este website, conforme as melhores pr\u00e1ticas e legisla\u00e7\u00f5es aplic\u00e1veis, sobretudo conforme a Lei Geral de Prote\u00e7\u00e3o de Dados \u2013 Lei n\u00ba 13.709\/2018 (\u201cLGPD\u201d) e o Marco Civil da Internet [&hellip;]<\/p>\n","protected":false},"author":18,"featured_media":0,"parent":0,"menu_order":0,"comment_status":"open","ping_status":"open","template":"","meta":{"_themeisle_gutenberg_block_has_review":false,"footnotes":"","_links_to":"","_links_to_target":""},"class_list":["post-26735","page","type-page","status-publish","hentry"],"acf":[],"_links":{"self":[{"href":"https:\/\/adsmovil.com\/pt-br\/wp-json\/wp\/v2\/pages\/26735","targetHints":{"allow":["GET"]}}],"collection":[{"href":"https:\/\/adsmovil.com\/pt-br\/wp-json\/wp\/v2\/pages"}],"about":[{"href":"https:\/\/adsmovil.com\/pt-br\/wp-json\/wp\/v2\/types\/page"}],"author":[{"embeddable":true,"href":"https:\/\/adsmovil.com\/pt-br\/wp-json\/wp\/v2\/users\/18"}],"replies":[{"embeddable":true,"href":"https:\/\/adsmovil.com\/pt-br\/wp-json\/wp\/v2\/comments?post=26735"}],"version-history":[{"count":4,"href":"https:\/\/adsmovil.com\/pt-br\/wp-json\/wp\/v2\/pages\/26735\/revisions"}],"predecessor-version":[{"id":34079,"href":"https:\/\/adsmovil.com\/pt-br\/wp-json\/wp\/v2\/pages\/26735\/revisions\/34079"}],"wp:attachment":[{"href":"https:\/\/adsmovil.com\/pt-br\/wp-json\/wp\/v2\/media?parent=26735"}],"curies":[{"name":"wp","href":"https:\/\/api.w.org\/{rel}","templated":true}]}}