{"id":27070,"date":"2017-06-19T18:50:38","date_gmt":"2017-06-19T18:50:38","guid":{"rendered":"http:\/\/www.adsmovil.com\/?page_id=27070"},"modified":"2017-07-17T16:53:47","modified_gmt":"2017-07-17T16:53:47","slug":"mobilemexico2017","status":"publish","type":"page","link":"https:\/\/adsmovil.com\/en\/mobilemexico2017\/","title":{"rendered":"Mobile Mexico MMA 2017"},"content":{"rendered":"<link rel=\"stylesheet\" href=\"\/ahaa\/style.css\" \/>\n<script type=\"text\/javascript\" src=\"\/\/platform-api.sharethis.com\/js\/sharethis.js#property=594aca4fca1be1001249efb5&#038;product=inline-share-buttons\"><\/script><\/p>\n<div class=\"wrapper\">\n<div class=\"left-side\">\n<div class=\"top-image\">\n<h1>Mobile Mexico MMA 2017<\/h1>\n<p>        <img decoding=\"async\" title=\"Mobile Mexico MMA 2017\" alt=\"Mobile_Mexico_MMA_2017\" src=\"\/wp-content\/uploads\/mma_mobile.png\" \/>\n    <\/div>\n<p> <!--   \n\n<div class=\"bottom-text\">\n\n\n\n<p style=\"text-align:left\"><a href=\"http:\/\/www.adsmovil.com\/#contact-us\" target=\"_blank\" class=\"mk-button js-smooth-scroll mk-button--dimension-flat mk-button--size-medium mk-button--corner-rounded text-color-light _ relative text-center font-weight-700 no-backface  letter-spacing-1 inline\" style=\"background-color: #b51a89;\">Cont&aacute;ctanos<\/a><\/p>\n\n\n    <\/div>\n\n -->\n<\/div>\n<div class=\"right-side\">\n<h4>Mobile Mexico MMA 2017: <\/h4>\n<p>MMA y Adsmovil tienen como objetivo generar informaciones \u00fatiles y comprender las oportunidades de mercado de las marcas en los dispositivos m\u00f3viles.<\/p>\n<p>Trabajamos en buscar informaci\u00f3n que ayuda a comprender el perfil del los usuarios, su comportamiento y preferencias en m\u00f3viles.<\/p>\n<p>Este estudio cuenta con una muestra de 809 casos, repartida en 4 subgrupos: Gen Z, Gen Y, Gen X y Boomers en M\u00e9xico. <\/p>\n<p><span class=\"sharethis-inline-share-buttons\" st_image=\"http:\/\/www.adsmovil.com\/wp-content\/uploads\/mma_mobile.png\" st_title=\"Mobile Mexico MMA 2017\"><\/span><br \/>\n<\/p>\n<p  style=\"text-align:center\"><a href=\"#\" target=\"_blank\" class=\"mk-button js-smooth-scroll mk-button--dimension-flat mk-button--size-medium mk-button--corner-rounded text-color-light _ relative text-center font-weight-700 no-backface  letter-spacing-1 inline\" style=\"background-color: #b51a89;\" onclick=\"window.open('http:\/\/www.adsmovil.com\/Mobile_Report_MEX_corto.pdf','_blank');window.location='http:\/\/wordpress.adsmovil.com'\"  download=\"Mobile_Report_MEX_corto.pdf\"><i class=\"mk-button--icon\"><svg class=\"mk-svg-icon\" data-name=\"mk-moon-download-2\" data-cacheid=\"icon-594ac49f1b57c\" style=\"height:16px;width:16px;\" xmlns=\"http:\/\/www.w3.org\/2000\/svg\" viewBox=\"0 0 512 512\"><path d=\"M448 352v64h-384v-64h-64v128h512v-128zm-64-160h-96v-160h-64v160h-96l128 192z\"><\/path><\/svg><\/i>DESCARGA EL REPORTE AQU\u00cd<\/a><\/p>\n<p style=\"text-align:center\"><a href=\"\/\" target=\"_blank\" class=\"mk-button js-smooth-scroll mk-button--dimension-flat mk-button--size-medium mk-button--corner-rounded text-color-light _ relative text-center font-weight-700 no-backface  letter-spacing-1 inline\" style=\"background-color: #b51a89;\">Ir al home de Adsmovil<\/a><\/p>\n<\/div>\n<\/div>\n","protected":false},"excerpt":{"rendered":"<p>Mobile Mexico MMA 2017 Mobile Mexico MMA 2017: MMA y Adsmovil tienen como objetivo generar informaciones \u00fatiles y comprender las oportunidades de mercado de las marcas en los dispositivos m\u00f3viles. Trabajamos en buscar informaci\u00f3n que ayuda a comprender el perfil del los usuarios, su comportamiento y preferencias en m\u00f3viles. Este estudio cuenta con una muestra [&hellip;]<\/p>\n","protected":false},"author":18,"featured_media":0,"parent":0,"menu_order":0,"comment_status":"closed","ping_status":"closed","template":"","meta":{"_themeisle_gutenberg_block_has_review":false,"footnotes":"","_links_to":"","_links_to_target":""},"class_list":["post-27070","page","type-page","status-publish","hentry"],"acf":[],"_links":{"self":[{"href":"https:\/\/adsmovil.com\/en\/wp-json\/wp\/v2\/pages\/27070","targetHints":{"allow":["GET"]}}],"collection":[{"href":"https:\/\/adsmovil.com\/en\/wp-json\/wp\/v2\/pages"}],"about":[{"href":"https:\/\/adsmovil.com\/en\/wp-json\/wp\/v2\/types\/page"}],"author":[{"embeddable":true,"href":"https:\/\/adsmovil.com\/en\/wp-json\/wp\/v2\/users\/18"}],"replies":[{"embeddable":true,"href":"https:\/\/adsmovil.com\/en\/wp-json\/wp\/v2\/comments?post=27070"}],"version-history":[{"count":26,"href":"https:\/\/adsmovil.com\/en\/wp-json\/wp\/v2\/pages\/27070\/revisions"}],"predecessor-version":[{"id":27128,"href":"https:\/\/adsmovil.com\/en\/wp-json\/wp\/v2\/pages\/27070\/revisions\/27128"}],"wp:attachment":[{"href":"https:\/\/adsmovil.com\/en\/wp-json\/wp\/v2\/media?parent=27070"}],"curies":[{"name":"wp","href":"https:\/\/api.w.org\/{rel}","templated":true}]}}